{"id":852,"date":"2017-07-01T17:37:46","date_gmt":"2017-07-01T15:37:46","guid":{"rendered":"http:\/\/integralfacilitation.de\/?page_id=852\/"},"modified":"2026-02-18T15:06:58","modified_gmt":"2026-02-18T14:06:58","slug":"mathias-weitbrecht","status":"publish","type":"page","link":"https:\/\/www.visualfacilitators.com\/de\/unternehmen\/the-visual-facilitators-team\/mathias-weitbrecht\/","title":{"rendered":"Mathias Weitbrecht \u2013 Chief Vision Translator &#038; Global Complexity Navigator | Gr\u00fcnder und Gesch\u00e4ftsf\u00fchrer VISUAL FACILITATORS"},"content":{"rendered":"<div data-elementor-type=\"wp-page\" data-elementor-id=\"852\" class=\"elementor elementor-852\" data-elementor-post-type=\"page\">\n\t\t\t\t\t\t<section class=\"elementor-section elementor-top-section elementor-element elementor-element-2a8d7e1d elementor-section-boxed elementor-section-height-default elementor-section-height-default\" data-id=\"2a8d7e1d\" data-element_type=\"section\" data-e-type=\"section\">\n\t\t\t\t\t\t<div class=\"elementor-container elementor-column-gap-default\">\n\t\t\t\t\t<div class=\"elementor-column elementor-col-100 elementor-top-column elementor-element elementor-element-356188fe\" data-id=\"356188fe\" data-element_type=\"column\" data-e-type=\"column\">\n\t\t\t<div class=\"elementor-widget-wrap elementor-element-populated\">\n\t\t\t\t\t\t<div class=\"elementor-element elementor-element-6536e9ee elementor-widget elementor-widget-text-editor\" data-id=\"6536e9ee\" data-element_type=\"widget\" data-e-type=\"widget\" data-widget_type=\"text-editor.default\">\n\t\t\t\t<div class=\"elementor-widget-container\">\n\t\t\t\t\t\t\t\t\t<p>Mathias Weitbrecht ist Gr&#xFC;nder und Gesch&#xE4;ftsf&#xFC;hrer von <strong>VISUAL FACILITATORS<\/strong>, einem Impact-Beratungsunternehmen f&#xFC;r Visual Facilitation und strategische Transformation. Mit &#xFC;ber 30 Jahren Erfahrung in Consulting, Transformation und integraler Arbeit &#xFC;bersetzt er Komplexit&#xE4;t in hochwirksame visuelle Strategien &#x2013; f&#xFC;r Fortune-500-Unternehmen, F&#xFC;hrungskr&#xE4;fte und Organisationen in mehr als 80 L&#xE4;ndern weltweit.<\/p><blockquote><p><strong>Kurzprofil Mathias Weitbrecht:<\/strong> Gr&#xFC;nder von VISUAL FACILITATORS (seit 2005), &#xFC;ber 30 Jahre Erfahrung in strategischer Transformation, Visual Facilitation und integraler Organisationsentwicklung. Arbeit in &#xFC;ber 80 L&#xE4;ndern mit Fortune-500-Unternehmen, Boards und internationalen Entscheidungstr&#xE4;gern. F&#xFC;hrt ein Team von &#xFC;ber 30 Visual Facilitators.<\/p><\/blockquote><h2>Was macht Mathias Weitbrecht als Chief Vision Translator?<\/h2><p><br>Der Titel <strong>Chief Vision Translator<\/strong> beschreibt Mathias Weitbrechts Kernkompetenz: Er &#xFC;bersetzt komplexe Visionen, Strategien und Zusammenh&#xE4;nge in klare, wirkungsvolle visuelle Darstellungen, die Organisationen handlungsf&#xE4;hig machen.<\/p><p>Zehntausende Gespr&#xE4;che in &#xFC;ber 80 L&#xE4;ndern, Boardrooms von Shanghai bis Silicon Valley, von den Konzernzentralen Skandinaviens bis zur W&#xFC;ste Saudi-Arabiens &#x2013; diese Erfahrungen formen eine besondere F&#xE4;higkeit: <strong>Komplexit&#xE4;t nicht nur zu verstehen, sondern sie in hochwirksame Bilder zu &#xFC;bersetzen.<\/strong> Mathias Weitbrecht hat diese Kunst zur strategischen Disziplin entwickelt.<\/p><p>Seine Arbeit reicht von Transformationsprozessen in mittelst&#xE4;ndischen Unternehmen bis zur Zusammenarbeit mit ehemaligen Staatspr&#xE4;sidenten. Dabei ist seine Rolle heute weniger die des Zeichners, sondern die des <strong>Prozessarchitekten<\/strong>:<\/p><ul><li>Er <strong>facilitiert komplexe Strategieprozesse<\/strong> auf C-Level-Niveau<\/li><li>Er <strong>f&#xFC;hrt ein Team von &#xFC;ber 30 Visual Facilitators<\/strong>, die diese Vision in h&#xF6;chster Qualit&#xE4;t umsetzen<\/li><li>Er verbindet <strong>strategische Beratung mit visueller Prozessbegleitung<\/strong> f&#xFC;r messbare Wirkung<\/li><\/ul><h2>Was unterscheidet VISUAL FACILITATORS von klassischen Visualisierungsstudios?<\/h2><p><br>Der Unterschied zu klassischen Visualisierungsstudios ist fundamental: <strong>VISUAL FACILITATORS versteht sich als Impact-Beratungsunternehmen, das mit dem Stift denkt<\/strong> &#x2013; nicht als Illustrationsdienst, der schm&#xFC;ckt.<\/p><p>Diese Kombination aus strategischer Beratung, visueller Prozessbegleitung und messbarer Wirkung in Transformationsprozessen macht VISUAL FACILITATORS zu einem der f&#xFC;hrenden Anbieter im Bereich <a title=\"Visual Facilitation\" href=\"https:\/\/www.visualfacilitators.com\/de\/loesungen\/visual-facilitation\/\">Visual Facilitation<\/a> &#x2013; im deutschsprachigen Raum und international.<\/p><h2>Von der Vision zur globalen Praxis: Die Geschichte von VISUAL FACILITATORS<\/h2><p>2005 begann die Reise mit einer klaren Vision: ein Unternehmen aufzubauen, das <strong>Komplexit&#xE4;t durchdringt statt sie zu f&#xFC;rchten.<\/strong><\/p><p>Der Purpose von VISUAL FACILITATORS lautet:<\/p><blockquote><p><em>&#x201E;Wir glauben, dass f&#xFC;r alle Menschen und Organisationen die Entwicklung zu ihrem h&#xF6;chsten Potenzial m&#xF6;glich ist.&#x201C;<\/em><\/p><\/blockquote><p>&#xDC;ber zwei Jahrzehnte hinweg hat Mathias Weitbrecht diesen Leitsatz verfeinert und gegen alle Widerst&#xE4;nde bewahrt. Was als Pionierarbeit in einem Nischenmarkt begann, ist heute ein etabliertes Impact-Beratungsunternehmen mit einem globalen Netzwerk von &#xFC;ber 30 Visual Facilitators.<\/p><p><strong>Meilensteine im &#xDC;berblick:<\/strong><\/p><ul><li><strong>2005:<\/strong> Gr&#xFC;ndung von VISUAL FACILITATORS<\/li><li><strong>&#xDC;ber 20 Jahre:<\/strong> Kontinuierliche Weiterentwicklung in Consulting, Transformation und integraler Arbeit<\/li><li><strong>Heute:<\/strong> &#xDC;ber<a title=\"30 Visual Facilitators\" href=\"https:\/\/www.visualfacilitators.com\/de\/unternehmen\/the-visual-facilitators-team\/\"> 30 Visual Facilitators<\/a>, Kunden in mehr als 80 L&#xE4;ndern, Zusammenarbeit mit Fortune-500-Unternehmen und internationalen Entscheidungstr&#xE4;gern<\/li><\/ul><hr contenteditable=\"false\"><h2>Welche Ausbildung und Lernreise pr&#xE4;gen Mathias Weitbrechts Expertise?<\/h2><p>Mathias Weitbrechts Expertise speist sich aus einer au&#xDF;ergew&#xF6;hnlichen Bildungsreise, die &#xFC;ber 20 Jahre kontinuierliche Weiterentwicklung umfasst &#x2013; von jahrzehntelanger Meditationspraxis bis zum direkten Lernen von f&#xFC;hrenden Business-Coaches und Geopolitik-Experten.<\/p><p>W&#xE4;hrend andere Unternehmer zwischen Quartalszahlen pendelten, studierte Mathias Weitbrecht das gesamte Spektrum organisationaler Entwicklung:<\/p><ul><li><strong>New Work und Reinventing Organizations<\/strong> &#x2013; moderne Organisationsformen jenseits klassischer Hierarchien<\/li><li><strong>Spiral Dynamics und Integral Theory<\/strong> &#x2013; Bewusstseinsentwicklung in Organisationen und F&#xFC;hrung<\/li><li><strong>Generative Scribing<\/strong> &#x2013; visuelle Echtzeit-Synthese komplexer Transformationspotenziale<\/li><li><strong>Holacracy<\/strong> &#x2013; selbstorganisierte Unternehmensf&#xFC;hrung ohne traditionelle Management-Hierarchien<\/li><li><strong>Leadership Development Framework<\/strong> &#x2013; evidenzbasierte F&#xFC;hrungskr&#xE4;fteentwicklung<\/li><\/ul><p>Diese multidisziplin&#xE4;re Lernreise bildet das Fundament f&#xFC;r Mathias Weitbrechts einzigartige F&#xE4;higkeit, Komplexit&#xE4;t auf mehreren Ebenen gleichzeitig zu erfassen und visuell zu &#xFC;bersetzen.<\/p><h2>An der Schnittstelle von Mensch und KI: Mathias Weitbrechts einzigartige Positionierung<\/h2><p>Diese Multiperspektivit&#xE4;t erm&#xF6;glicht heute etwas Seltenes: <strong>Mathias Weitbrecht geh&#xF6;rt zu den wenigen Experten weltweit, die sowohl die volle Bandbreite menschlicher Bewusstseinsstufen als auch High-End-KI verstehen.<\/strong> An dieser Schnittstelle wird er zum strategischen Br&#xFC;ckenbauer zwischen zwei Welten.<\/p><p><strong>Mathias Weitbrechts Kern&#xFC;berzeugung:<\/strong> Komplexe Realit&#xE4;ten verlangen nicht nach einfachen Gegens&#xE4;tzen, sondern nach der F&#xE4;higkeit, Spannungsfelder produktiv zu nutzen &#x2013; im &#x201E;Sowohl-als-auch&#x201C; statt im &#x201E;Entweder-oder&#x201C;.<\/p><p>Diese Haltung unterscheidet ihn von Beratern, die entweder rein technologisch oder rein humanistisch denken. Mathias Weitbrecht integriert beide Perspektiven zu einem ganzheitlichen Beratungsansatz f&#xFC;r Organisationen in der Transformation.<\/p><h2>Wie verbindet Mathias Weitbrecht Visual Facilitation mit strategischer Tiefe?<\/h2><p>Mathias Weitbrechts Ansatz wurzelt bewusst in den Urspr&#xFC;ngen der Visual-Strategy-Disziplin: den fr&#xFC;hen 1980er Jahren, als Pioniere wie <a title=\"David Sibbet\" href=\"https:\/\/www.visualfacilitators.com\/de\/blog\/graphicrecording\/die-geschichte-von-graphic-recording\/\"><strong>David Sibbet<\/strong> <\/a>erkannten, dass Gruppen ein kollektives Ged&#xE4;chtnis besitzen &#x2013; und dieses visuell abgebildet werden kann.<\/p><p><strong>Visual Facilitation nach Mathias Weitbrechts Verst&#xE4;ndnis<\/strong> ist mehr als Graphic Recording: Es ist die Kunst, komplexe Gespr&#xE4;che, Strategieprozesse und Transformationen in Echtzeit visuell zu begleiten, sichtbar zu machen und aktiv mit dem Stift zu leiten.<\/p><p>Diese R&#xFC;ckbesinnung auf die strategischen Wurzeln macht ihn nicht &#xFC;berall beliebt. Wo andere dem Trend zur schnellen Illustration folgen, vertritt er konsequent die Philosophie tiefgreifender Prozessbegleitung &#x2013; respektvoll, aber klar in der Abgrenzung und immer kundenzentriert.<\/p><h2>Was sind Strategically Aligned Organizations? Der neue Standard<\/h2><p>Was bleibt nach zehntausenden Kundengespr&#xE4;chen, der Zusammenarbeit mit hunderten VIPs wie Fortune-500-CEOs und ehemaligen Staatspr&#xE4;sidenten und der Arbeit in den renommiertesten S&#xE4;len der Welt? Die Gewissheit, dass die derzeitige volatile Weltlage einen neuen Standard braucht: <strong>Strategically Aligned Organizations.<\/strong><\/p><blockquote><p><strong>Definition:<\/strong> Eine Strategically Aligned Organization ist eine Organisation, die ihre Strategie nicht nur formuliert, sondern aktiviert &#x2013; durch visuelles Navigieren von Komplexit&#xE4;t, bewusstes Alignment aller Beteiligten und transformatives gemeinsames Handeln.<\/p><\/blockquote><p>Das Konzept der Strategically Aligned Organization verbindet strategische Ausrichtung (Strategic Alignment) mit visueller Navigation und bewusster Transformation &#x2013; ein Ansatz, den VISUAL FACILITATORS als Beratungsstandard etabliert.<\/p><h2>Warum reicht traditionelle Strategie nicht mehr aus?<\/h2><p>In einer Welt, in der sich Machtbl&#xF6;cke verschieben, Perspektiven fragmentieren und Unternehmen vor nie dagewesenen Herausforderungen stehen, reicht traditionelle Strategie nicht mehr aus. Gefragt sind Organisationen, die:<\/p><ul><li><strong>Strategien aktivieren<\/strong> statt nur erstellen &#x2013; von der Formulierung zur Umsetzung<\/li><li><strong>Visuell navigieren<\/strong> statt in &#xDC;berforderung zu geraten &#x2013; Komplexit&#xE4;t sichtbar machen<\/li><li><strong>Gemeinsam handeln<\/strong> &#x2013; aligned, bewusst und transformativ &#xFC;ber alle Ebenen hinweg<\/li><\/ul><p>Der Ansatz von VISUAL FACILITATORS adressiert genau diese L&#xFC;cke: Er verbindet strategische Klarheit mit visueller Kommunikation und integraler Prozessbegleitung, um Organisationen handlungsf&#xE4;hig zu machen.<\/p><h2>F&#xFC;r wen arbeitet Mathias Weitbrecht? Zielgruppen und Arbeitsweise<\/h2><p>Mathias Weitbrecht arbeitet ausschlie&#xDF;lich mit Menschen, die Verantwortung &#xFC;bernehmen:<\/p><ul><li><strong>F&#xFC;hrungskr&#xE4;fte und Boards<\/strong> &#x2013; strategische Ausrichtung, Alignment und Entscheidungsfindung auf h&#xF6;chster Ebene<\/li><li><strong>Unternehmer<\/strong> &#x2013; vision&#xE4;re Entwicklung, Skalierung und Purpose-Arbeit<\/li><li><strong>Verantwortungstr&#xE4;ger<\/strong> &#x2013; Transformation bewusst gestalten in komplexen Organisationen<\/li><\/ul><p>F&#xFC;r diese Kunden und Mitarbeiter l&#xE4;sst er mehr als ein Beratungsunternehmen entstehen. Er bringt seine mehr als drei Jahrzehnte Erfahrung aus Consulting, Transformation und innerer Arbeit ein. An der Schnittstelle von globaler Expertise und integraler Tiefe, von Facilitation-Exzellenz und vision&#xE4;rem Unternehmertum f&#xFC;hrt er VISUAL FACILITATORS als <strong>Impact-Anker f&#xFC;r eine neue Welt<\/strong> &#x2013; eine Welt, in der Transformation nicht dem Zufall &#xFC;berlassen bleibt, sondern bewusst gestaltet wird.<\/p><h2>Core Skills: Was Mathias Weitbrecht als Berater auszeichnet<\/h2><h3><br>Strategisches Denken und F&#xFC;hrung<\/h3><ul><li>Unternehmerisch, strategisch und vision&#xE4;r denken<\/li><li>Projekt- und Komplexit&#xE4;tsmanagement<\/li><li>Strategiekommunikation und Strategieaktivierung<\/li><\/ul><h3>Wahrnehmung und Synthese<\/h3><ul><li>Zuh&#xF6;ren und Wahrnehmen feinster Details, Zusammenh&#xE4;nge und Metathemen<\/li><li>Synthesen bilden und Sinnstiftung f&#xF6;rdern<\/li><li>Prozesse und Muster erkennen und darstellen<\/li><\/ul><h3>Facilitation und visuelle Methoden<\/h3><ul><li>Facilitation und Visual Facilitation<\/li><li><a title=\"Graphic Recording\" href=\"https:\/\/www.visualfacilitators.com\/de\/visualisierung\/graphic-recording\/\">Graphic Recording<\/a><\/li><li>Informationsarchitektur<\/li><li>Gruppenwahrnehmung und -f&#xFC;hrung, Grounding und Zentrierung<\/li><\/ul><h2>Branchenerfahrung: Multidisziplin&#xE4;r und branchen&#xFC;bergreifend<\/h2><p>Mathias Weitbrechts Fokus ist bewusst multidisziplin&#xE4;r und vernetzend &#xFC;ber alle Branchen. Seine Erfahrung erstreckt sich &#xFC;ber folgende Sektoren:<\/p><ul><li>Dienstleistung und Business Services<\/li><li>Automotive, Mobility und Industrial Manufacturing<\/li><li>Medien<\/li><li>Logistik und Supply Chain<\/li><li>Technologie und Telco<\/li><li>Spirit &amp; Consciousness<\/li><\/ul>\t\t\t\t\t\t\t\t<\/div>\n\t\t\t\t<\/div>\n\t\t\t\t\t<\/div>\n\t\t<\/div>\n\t\t\t\t\t<\/div>\n\t\t<\/section>\n\t\t\t\t<section class=\"elementor-section elementor-top-section elementor-element elementor-element-b286e09 elementor-section-boxed elementor-section-height-default elementor-section-height-default\" data-id=\"b286e09\" data-element_type=\"section\" data-e-type=\"section\">\n\t\t\t\t\t\t<div class=\"elementor-container elementor-column-gap-default\">\n\t\t\t\t\t<div class=\"elementor-column elementor-col-100 elementor-top-column elementor-element elementor-element-92095c2\" data-id=\"92095c2\" data-element_type=\"column\" data-e-type=\"column\">\n\t\t\t<div class=\"elementor-widget-wrap elementor-element-populated\">\n\t\t\t\t\t\t<div class=\"elementor-element elementor-element-f71c394 elementor-widget elementor-widget-text-editor\" data-id=\"f71c394\" data-element_type=\"widget\" data-e-type=\"widget\" data-widget_type=\"text-editor.default\">\n\t\t\t\t<div class=\"elementor-widget-container\">\n\t\t\t\t\t\t\t\t\t<h3>H&#xE4;ufig gestellte Fragen zu Mathias Weitbrecht und VISUAL FACILITATORS<\/h3>\t\t\t\t\t\t\t\t<\/div>\n\t\t\t\t<\/div>\n\t\t\t\t\t<\/div>\n\t\t<\/div>\n\t\t\t\t\t<\/div>\n\t\t<\/section>\n\t\t\t\t<section class=\"elementor-section elementor-top-section elementor-element elementor-element-cbc1e83 elementor-section-boxed elementor-section-height-default elementor-section-height-default\" data-id=\"cbc1e83\" data-element_type=\"section\" data-e-type=\"section\">\n\t\t\t\t\t\t<div class=\"elementor-container elementor-column-gap-default\">\n\t\t\t\t\t<div class=\"elementor-column elementor-col-100 elementor-top-column elementor-element elementor-element-e35c81f\" data-id=\"e35c81f\" data-element_type=\"column\" data-e-type=\"column\">\n\t\t\t<div class=\"elementor-widget-wrap elementor-element-populated\">\n\t\t\t\t\t\t<div class=\"elementor-element elementor-element-f7d7865 elementor-widget elementor-widget-pp-faq\" data-id=\"f7d7865\" data-element_type=\"widget\" data-e-type=\"widget\" data-settings='{\"faq_layout\":\"accordion\",\"accordion_type\":\"accordion\",\"toggle_speed\":300}' data-widget_type=\"pp-faq.default\">\n\t\t\t\t<div class=\"elementor-widget-container\">\n\t\t\t\t\t\t\t<div class=\"pp-faqs pp-advanced-accordion pp-toggle-icon-align-right\" id=\"pp-advanced-accordion-f7d7865\" data-accordion-id=\"f7d7865\">\n\t\t\t\t\t\t<div class=\"pp-faq-item elementor-grid-item pp-accordion-item\">\n\t\t\t\t<div id=\"pp-accordion-tab-title-2591\" class=\"pp-faq-question pp-accordion-tab-title\" tabindex=\"0\" data-tab=\"1\">\n\t\t\t\t\t<div class=\"pp-accordion-title-icon\">\n\t\t\t\t\t\t\t\t\t\t\t\t\t\t\t\t\t\t<div class=\"pp-accordion-title-text\">\n\t\t\t\t\t\t\tWas ist Visual Facilitation?\t\t\t\t\t\t<\/div>\n\t\t\t\t\t<\/div>\n\t\t\t\t\t\t\t\t\t\t\t<div class=\"pp-accordion-toggle-icon\">\n\t\t\t\t\t\t\t\t\t\t\t\t\t\t\t<span class=\"pp-accordion-toggle-icon-close pp-icon\">\n\t\t\t\t\t\t\t\t\t<i aria-hidden=\"true\" class=\"fas fa-plus\"><\/i>\t\t\t\t\t\t\t\t<\/span>\n\t\t\t\t\t\t\t\t\t\t\t\t\t\t\t\t\t\t\t\t\t\t<span class=\"pp-accordion-toggle-icon-open pp-icon\">\n\t\t\t\t\t\t\t\t\t<i aria-hidden=\"true\" class=\"fas fa-minus\"><\/i>\t\t\t\t\t\t\t\t<\/span>\n\t\t\t\t\t\t\t\t\t\t\t\t\t<\/div>\n\t\t\t\t\t\t\t\t\t<\/div>\n\n\t\t\t\t<div id=\"pp-accordion-tab-content-2591\" class=\"pp-faq-answer pp-accordion-tab-content\" data-tab=\"1\">\n\t\t\t\t\t<p><strong>Visual Facilitation<\/strong> ist die Kunst, komplexe Gespr&#xE4;che, Strategieprozesse und Transformationen in Echtzeit visuell zu begleiten und sichtbar zu machen. Anders als Graphic Recording geht Visual Facilitation &#xFC;ber die reine Dokumentation hinaus &#x2013; der Visual Facilitator leitet den Prozess aktiv mit dem Stift und gestaltet die Interaktion<\/p>\n\t\t\t\t<\/div>\n\t\t\t<\/div>\n\t\t\t\t\t\t<div class=\"pp-faq-item elementor-grid-item pp-accordion-item\">\n\t\t\t\t<div id=\"pp-accordion-tab-title-2592\" class=\"pp-faq-question pp-accordion-tab-title\" tabindex=\"0\" data-tab=\"2\">\n\t\t\t\t\t<div class=\"pp-accordion-title-icon\">\n\t\t\t\t\t\t\t\t\t\t\t\t\t\t\t\t\t\t<div class=\"pp-accordion-title-text\">\n\t\t\t\t\t\t\tWas bedeutet &quot;Chief Vision Translator&quot;?\t\t\t\t\t\t<\/div>\n\t\t\t\t\t<\/div>\n\t\t\t\t\t\t\t\t\t\t\t<div class=\"pp-accordion-toggle-icon\">\n\t\t\t\t\t\t\t\t\t\t\t\t\t\t\t<span class=\"pp-accordion-toggle-icon-close pp-icon\">\n\t\t\t\t\t\t\t\t\t<i aria-hidden=\"true\" class=\"fas fa-plus\"><\/i>\t\t\t\t\t\t\t\t<\/span>\n\t\t\t\t\t\t\t\t\t\t\t\t\t\t\t\t\t\t\t\t\t\t<span class=\"pp-accordion-toggle-icon-open pp-icon\">\n\t\t\t\t\t\t\t\t\t<i aria-hidden=\"true\" class=\"fas fa-minus\"><\/i>\t\t\t\t\t\t\t\t<\/span>\n\t\t\t\t\t\t\t\t\t\t\t\t\t<\/div>\n\t\t\t\t\t\t\t\t\t<\/div>\n\n\t\t\t\t<div id=\"pp-accordion-tab-content-2592\" class=\"pp-faq-answer pp-accordion-tab-content\" data-tab=\"2\">\n\t\t\t\t\t<p>Der Titel <strong>Chief Vision Translator<\/strong> beschreibt Mathias Weitbrechts Kernkompetenz: Er &#xFC;bersetzt komplexe Visionen, Strategien und Zusammenh&#xE4;nge in klare, wirkungsvolle visuelle Darstellungen, die Organisationen handlungsf&#xE4;hig machen. Der Begriff verbindet strategische &#xDC;bersetzungsarbeit mit visueller Kommunikation.<\/p>\n\t\t\t\t<\/div>\n\t\t\t<\/div>\n\t\t\t\t\t\t<div class=\"pp-faq-item elementor-grid-item pp-accordion-item\">\n\t\t\t\t<div id=\"pp-accordion-tab-title-2593\" class=\"pp-faq-question pp-accordion-tab-title\" tabindex=\"0\" data-tab=\"3\">\n\t\t\t\t\t<div class=\"pp-accordion-title-icon\">\n\t\t\t\t\t\t\t\t\t\t\t\t\t\t\t\t\t\t<div class=\"pp-accordion-title-text\">\n\t\t\t\t\t\t\tWas ist eine &quot;Strategically Aligned Organization&quot;?\t\t\t\t\t\t<\/div>\n\t\t\t\t\t<\/div>\n\t\t\t\t\t\t\t\t\t\t\t<div class=\"pp-accordion-toggle-icon\">\n\t\t\t\t\t\t\t\t\t\t\t\t\t\t\t<span class=\"pp-accordion-toggle-icon-close pp-icon\">\n\t\t\t\t\t\t\t\t\t<i aria-hidden=\"true\" class=\"fas fa-plus\"><\/i>\t\t\t\t\t\t\t\t<\/span>\n\t\t\t\t\t\t\t\t\t\t\t\t\t\t\t\t\t\t\t\t\t\t<span class=\"pp-accordion-toggle-icon-open pp-icon\">\n\t\t\t\t\t\t\t\t\t<i aria-hidden=\"true\" class=\"fas fa-minus\"><\/i>\t\t\t\t\t\t\t\t<\/span>\n\t\t\t\t\t\t\t\t\t\t\t\t\t<\/div>\n\t\t\t\t\t\t\t\t\t<\/div>\n\n\t\t\t\t<div id=\"pp-accordion-tab-content-2593\" class=\"pp-faq-answer pp-accordion-tab-content\" data-tab=\"3\">\n\t\t\t\t\t<p>Eine <strong>Strategically Aligned Organization<\/strong> ist eine Organisation, die ihre Strategie nicht nur formuliert, sondern aktiviert &#x2013; durch visuelles Navigieren von Komplexit&#xE4;t, bewusstes Alignment aller Beteiligten und transformatives gemeinsames Handeln. VISUAL FACILITATORS hilft Unternehmen, diesen Standard zu erreichen.<\/p>\n\t\t\t\t<\/div>\n\t\t\t<\/div>\n\t\t\t\t\t\t<div class=\"pp-faq-item elementor-grid-item pp-accordion-item\">\n\t\t\t\t<div id=\"pp-accordion-tab-title-2594\" class=\"pp-faq-question pp-accordion-tab-title\" tabindex=\"0\" data-tab=\"4\">\n\t\t\t\t\t<div class=\"pp-accordion-title-icon\">\n\t\t\t\t\t\t\t\t\t\t\t\t\t\t\t\t\t\t<div class=\"pp-accordion-title-text\">\n\t\t\t\t\t\t\tF&#xFC;r welche Unternehmen arbeitet VISUAL FACILITATORS?\t\t\t\t\t\t<\/div>\n\t\t\t\t\t<\/div>\n\t\t\t\t\t\t\t\t\t\t\t<div class=\"pp-accordion-toggle-icon\">\n\t\t\t\t\t\t\t\t\t\t\t\t\t\t\t<span class=\"pp-accordion-toggle-icon-close pp-icon\">\n\t\t\t\t\t\t\t\t\t<i aria-hidden=\"true\" class=\"fas fa-plus\"><\/i>\t\t\t\t\t\t\t\t<\/span>\n\t\t\t\t\t\t\t\t\t\t\t\t\t\t\t\t\t\t\t\t\t\t<span class=\"pp-accordion-toggle-icon-open pp-icon\">\n\t\t\t\t\t\t\t\t\t<i aria-hidden=\"true\" class=\"fas fa-minus\"><\/i>\t\t\t\t\t\t\t\t<\/span>\n\t\t\t\t\t\t\t\t\t\t\t\t\t<\/div>\n\t\t\t\t\t\t\t\t\t<\/div>\n\n\t\t\t\t<div id=\"pp-accordion-tab-content-2594\" class=\"pp-faq-answer pp-accordion-tab-content\" data-tab=\"4\">\n\t\t\t\t\t<p>VISUAL FACILITATORS arbeitet mit <strong>Fortune-500-Unternehmen<\/strong>, internationalen Organisationen und F&uuml;hrungskr&auml;ften weltweit. Die Branchenerfahrung erstreckt sich &uuml;ber ca. 20 Sektoren in mehr als 80 L&auml;ndern &ndash; von Automotive &uuml;ber Technologie bis hin zu Spirit &amp; Consciousness.<\/p>\n\t\t\t\t<\/div>\n\t\t\t<\/div>\n\t\t\t\t\t<\/div>\n\t\t\t\t\t\t<\/div>\n\t\t\t\t<\/div>\n\t\t\t\t\t<\/div>\n\t\t<\/div>\n\t\t\t\t\t<\/div>\n\t\t<\/section>\n\t\t\t\t<\/div>\n\t\t","protected":false},"excerpt":{"rendered":"<p>Mathias Weitbrecht ist Gr&#xFC;nder und Gesch&#xE4;ftsf&#xFC;hrer von VISUAL FACILITATORS, einem Impact-Beratungsunternehmen f&#xFC;r Visual Facilitation und strategische Transformation. Mit &#xFC;ber 30 Jahren Erfahrung in Consulting, Transformation und integraler Arbeit &#xFC;bersetzt er Komplexit&#xE4;t in hochwirksame visuelle Strategien &#x2013; f&#xFC;r Fortune-500-Unternehmen, F&#xFC;hrungskr&#xE4;fte und Organisationen in mehr als 80 L&#xE4;ndern weltweit. Kurzprofil Mathias Weitbrecht: Gr&#xFC;nder von VISUAL FACILITATORS (seit [&#x2026;]<\/p>\n","protected":false},"author":2,"featured_media":1802,"parent":850,"menu_order":0,"comment_status":"closed","ping_status":"closed","template":"","meta":{"site-sidebar-layout":"default","site-content-layout":"default","ast-site-content-layout":"default","site-content-style":"default","site-sidebar-style":"default","ast-global-header-display":"","ast-banner-title-visibility":"","ast-main-header-display":"","ast-hfb-above-header-display":"","ast-hfb-below-header-display":"","ast-hfb-mobile-header-display":"","site-post-title":"","ast-breadcrumbs-content":"","ast-featured-img":"","footer-sml-layout":"","ast-disable-related-posts":"","theme-transparent-header-meta":"default","adv-header-id-meta":"","stick-header-meta":"","header-above-stick-meta":"","header-main-stick-meta":"","header-below-stick-meta":"","astra-migrate-meta-layouts":"set","ast-page-background-enabled":"default","ast-page-background-meta":{"desktop":{"background-color":"","background-image":"","background-repeat":"repeat","background-position":"center center","background-size":"auto","background-attachment":"scroll","background-type":"","background-media":"","overlay-type":"","overlay-color":"","overlay-opacity":"","overlay-gradient":""},"tablet":{"background-color":"","background-image":"","background-repeat":"repeat","background-position":"center center","background-size":"auto","background-attachment":"scroll","background-type":"","background-media":"","overlay-type":"","overlay-color":"","overlay-opacity":"","overlay-gradient":""},"mobile":{"background-color":"","background-image":"","background-repeat":"repeat","background-position":"center center","background-size":"auto","background-attachment":"scroll","background-type":"","background-media":"","overlay-type":"","overlay-color":"","overlay-opacity":"","overlay-gradient":""}},"ast-content-background-meta":{"desktop":{"background-color":"var(--ast-global-color-5)","background-image":"","background-repeat":"repeat","background-position":"center center","background-size":"auto","background-attachment":"scroll","background-type":"","background-media":"","overlay-type":"","overlay-color":"","overlay-opacity":"","overlay-gradient":""},"tablet":{"background-color":"var(--ast-global-color-5)","background-image":"","background-repeat":"repeat","background-position":"center center","background-size":"auto","background-attachment":"scroll","background-type":"","background-media":"","overlay-type":"","overlay-color":"","overlay-opacity":"","overlay-gradient":""},"mobile":{"background-color":"var(--ast-global-color-5)","background-image":"","background-repeat":"repeat","background-position":"center center","background-size":"auto","background-attachment":"scroll","background-type":"","background-media":"","overlay-type":"","overlay-color":"","overlay-opacity":"","overlay-gradient":""}},"footnotes":""},"team":[203],"class_list":["post-852","page","type-page","status-publish","has-post-thumbnail","hentry","team-visual-facilitators"],"_links":{"self":[{"href":"https:\/\/www.visualfacilitators.com\/de\/wp-json\/wp\/v2\/pages\/852","targetHints":{"allow":["GET"]}}],"collection":[{"href":"https:\/\/www.visualfacilitators.com\/de\/wp-json\/wp\/v2\/pages"}],"about":[{"href":"https:\/\/www.visualfacilitators.com\/de\/wp-json\/wp\/v2\/types\/page"}],"author":[{"embeddable":true,"href":"https:\/\/www.visualfacilitators.com\/de\/wp-json\/wp\/v2\/users\/2"}],"replies":[{"embeddable":true,"href":"https:\/\/www.visualfacilitators.com\/de\/wp-json\/wp\/v2\/comments?post=852"}],"version-history":[{"count":42,"href":"https:\/\/www.visualfacilitators.com\/de\/wp-json\/wp\/v2\/pages\/852\/revisions"}],"predecessor-version":[{"id":31807,"href":"https:\/\/www.visualfacilitators.com\/de\/wp-json\/wp\/v2\/pages\/852\/revisions\/31807"}],"up":[{"embeddable":true,"href":"https:\/\/www.visualfacilitators.com\/de\/wp-json\/wp\/v2\/pages\/850"}],"wp:featuredmedia":[{"embeddable":true,"href":"https:\/\/www.visualfacilitators.com\/de\/wp-json\/wp\/v2\/media\/1802"}],"wp:attachment":[{"href":"https:\/\/www.visualfacilitators.com\/de\/wp-json\/wp\/v2\/media?parent=852"}],"wp:term":[{"taxonomy":"team","embeddable":true,"href":"https:\/\/www.visualfacilitators.com\/de\/wp-json\/wp\/v2\/team?post=852"}],"curies":[{"name":"wp","href":"https:\/\/api.w.org\/{rel}","templated":true}]}}