{"id":21488,"date":"2017-06-22T00:54:17","date_gmt":"2017-06-21T22:54:17","guid":{"rendered":"https:\/\/www.visualfacilitators.com\/impressum\/"},"modified":"2024-05-24T14:25:21","modified_gmt":"2024-05-24T12:25:21","slug":"imprint","status":"publish","type":"page","link":"https:\/\/www.visualfacilitators.com\/en\/imprint\/","title":{"rendered":"Imprint"},"content":{"rendered":"\t\t<div data-elementor-type=\"wp-page\" data-elementor-id=\"21488\" class=\"elementor elementor-21488 elementor-783\" data-elementor-post-type=\"page\">\n\t\t\t\t\t\t<section class=\"elementor-section elementor-top-section elementor-element elementor-element-5d39fbe4 elementor-section-boxed elementor-section-height-default elementor-section-height-default\" data-id=\"5d39fbe4\" data-element_type=\"section\" data-e-type=\"section\" data-settings=\"{&quot;background_background&quot;:&quot;classic&quot;}\">\n\t\t\t\t\t\t<div class=\"elementor-container elementor-column-gap-default\">\n\t\t\t\t\t<div class=\"elementor-column elementor-col-100 elementor-top-column elementor-element elementor-element-778f7b8\" data-id=\"778f7b8\" data-element_type=\"column\" data-e-type=\"column\" data-settings=\"{&quot;background_background&quot;:&quot;classic&quot;}\">\n\t\t\t<div class=\"elementor-widget-wrap elementor-element-populated\">\n\t\t\t\t\t\t<div class=\"elementor-element elementor-element-117ed721 elementor-widget elementor-widget-heading\" data-id=\"117ed721\" data-element_type=\"widget\" data-e-type=\"widget\" data-widget_type=\"heading.default\">\n\t\t\t\t<div class=\"elementor-widget-container\">\n\t\t\t\t\t<h1 class=\"elementor-heading-title elementor-size-default\">Impressum \/ Disclaimer<\/h1>\t\t\t\t<\/div>\n\t\t\t\t<\/div>\n\t\t\t\t\t<\/div>\n\t\t<\/div>\n\t\t\t\t\t<\/div>\n\t\t<\/section>\n\t\t\t\t<section class=\"elementor-section elementor-top-section elementor-element elementor-element-1f075a92 elementor-section-boxed elementor-section-height-default elementor-section-height-default\" data-id=\"1f075a92\" data-element_type=\"section\" data-e-type=\"section\" data-settings=\"{&quot;background_background&quot;:&quot;classic&quot;}\">\n\t\t\t\t\t\t<div class=\"elementor-container elementor-column-gap-default\">\n\t\t\t\t\t<div class=\"elementor-column elementor-col-100 elementor-top-column elementor-element elementor-element-7e6f717d\" data-id=\"7e6f717d\" data-element_type=\"column\" data-e-type=\"column\">\n\t\t\t<div class=\"elementor-widget-wrap elementor-element-populated\">\n\t\t\t\t\t\t<div class=\"elementor-element elementor-element-667f2a1 elementor-widget elementor-widget-image\" data-id=\"667f2a1\" data-element_type=\"widget\" data-e-type=\"widget\" data-widget_type=\"image.default\">\n\t\t\t\t<div class=\"elementor-widget-container\">\n\t\t\t\t\t\t\t\t\t\t\t\t\t\t\t<img decoding=\"async\" width=\"300\" height=\"83\" src=\"https:\/\/www.visualfacilitators.com\/wp-content\/uploads\/2024\/04\/visual-facilitators_logo_graphic-recorder-team-300x83.jpg\" class=\"attachment-medium size-medium wp-image-26723\" alt=\"Visual Facilitators Graphic Recorder Team\" srcset=\"https:\/\/www.visualfacilitators.com\/wp-content\/uploads\/2024\/04\/visual-facilitators_logo_graphic-recorder-team-300x83.jpg 300w, https:\/\/www.visualfacilitators.com\/wp-content\/uploads\/2024\/04\/visual-facilitators_logo_graphic-recorder-team.jpg 550w\" sizes=\"(max-width: 300px) 100vw, 300px\" title=\"-\">\t\t\t\t\t\t\t\t\t\t\t\t\t\t\t<\/div>\n\t\t\t\t<\/div>\n\t\t\t\t<div class=\"elementor-element elementor-element-615ca912 elementor-widget elementor-widget-text-editor\" data-id=\"615ca912\" data-element_type=\"widget\" data-e-type=\"widget\" data-widget_type=\"text-editor.default\">\n\t\t\t\t<div class=\"elementor-widget-container\">\n\t\t\t\t\t\t\t\t\t<p><span style=\"--tw-border-spacing-x: 0; --tw-border-spacing-y: 0; --tw-translate-x: 0; --tw-translate-y: 0; --tw-rotate: 0; --tw-skew-x: 0; --tw-skew-y: 0; --tw-scale-x: 1; --tw-scale-y: 1; --tw-scroll-snap-strictness: proximity; --tw-ring-offset-width: 0px; --tw-ring-offset-color: #fff; --tw-ring-color: rgba(59,130,246,.5); --tw-ring-offset-shadow: 0 0 #0000; --tw-ring-shadow: 0 0 #0000; --tw-shadow: 0 0 #0000; --tw-shadow-colored: 0 0 #0000; font-weight: bold; color: var(--ast-global-color-3); font-style: inherit;\">Hamburg\u00a0 |\u00a0 \u00a0Berlin\u00a0 |\u00a0 \u00a0Leipzig\u00a0 |\u00a0 Cologne\u00a0 |\u00a0 Frankfurt<\/span><span style=\"--tw-border-spacing-x: 0; --tw-border-spacing-y: 0; --tw-translate-x: 0; --tw-translate-y: 0; --tw-rotate: 0; --tw-skew-x: 0; --tw-skew-y: 0; --tw-scale-x: 1; --tw-scale-y: 1; --tw-scroll-snap-strictness: proximity; --tw-ring-offset-width: 0px; --tw-ring-offset-color: #fff; --tw-ring-color: rgba(59,130,246,.5); --tw-ring-offset-shadow: 0 0 #0000; --tw-ring-shadow: 0 0 #0000; --tw-shadow: 0 0 #0000; --tw-shadow-colored: 0 0 #0000; color: var(--ast-global-color-3); font-style: inherit; font-weight: bold;\">\u00a0 |\u00a0<\/span><span style=\"--tw-border-spacing-x: 0; --tw-border-spacing-y: 0; --tw-translate-x: 0; --tw-translate-y: 0; --tw-rotate: 0; --tw-skew-x: 0; --tw-skew-y: 0; --tw-scale-x: 1; --tw-scale-y: 1; --tw-scroll-snap-strictness: proximity; --tw-ring-offset-width: 0px; --tw-ring-offset-color: #fff; --tw-ring-color: rgba(59,130,246,.5); --tw-ring-offset-shadow: 0 0 #0000; --tw-ring-shadow: 0 0 #0000; --tw-shadow: 0 0 #0000; --tw-shadow-colored: 0 0 #0000; color: var(--ast-global-color-3); font-style: inherit; font-weight: bold;\">\u00a0<\/span><span style=\"--tw-border-spacing-x: 0; --tw-border-spacing-y: 0; --tw-translate-x: 0; --tw-translate-y: 0; --tw-rotate: 0; --tw-skew-x: 0; --tw-skew-y: 0; --tw-scale-x: 1; --tw-scale-y: 1; --tw-scroll-snap-strictness: proximity; --tw-ring-offset-width: 0px; --tw-ring-offset-color: #fff; --tw-ring-color: rgba(59,130,246,.5); --tw-ring-offset-shadow: 0 0 #0000; --tw-ring-shadow: 0 0 #0000; --tw-shadow: 0 0 #0000; --tw-shadow-colored: 0 0 #0000; color: var(--ast-global-color-3); font-style: inherit;\"><b>Munich\u00a0 |\u00a0 Netherlands \/ Belgium \/ Dubai UAE<\/b><br \/>\u2013 global availability \u2013<\/span><\/p><p>Visual Facilitators GmbH<br \/>Colonnaden 9<br \/>20354 Hamburg, Germany<\/p><p>CEO:\u00a0Mathias Weitbrecht<\/p><p>E-Mail: info@visualfacilitators.com<br \/>Website: www.visualfacilitators.com<br \/>Phone: +49-40-63607889<\/p><p>Responsible for editorial content:\u00a0Mathias Weitbrecht<\/p><p>Tax ID:\u00a0DE312260546<\/p><p>Entry in the commercial register:\u00a0Amtsgericht Hamburg, HRB 146890<\/p><p><strong>Verbraucher-Streitschlichtung<\/strong><br \/>Die EU-Kommission hat eine Internetplattform zur Online-Beilegung von Streitigkeiten betreffend vertraglicher Verpflichtungen aus Online-Vertr\u00e4gen geschaffen (OS-Plattform). Sie k\u00f6nnen die OS-Plattform unter dem folgenden Link erreichen: <a href=\"http:\/\/ec.europa.eu\/consumers\/odr\/\" target=\"_blank\" rel=\"noopener\">http:\/\/ec.europa.eu\/consumers\/odr\/<\/a>. Wir sind nicht bereit und nicht verpflichtet an einem Streitbeilegungsverfahren vor einer Verbraucherschlichtungsstelle teilzunehmen.<\/p><p><strong>Haftung f\u00fcr Links<\/strong><br \/>Externe Links unserer Internetseite f\u00fchren zu Inhalten fremder Anbieter. F\u00fcr diese Inhalte ist allein der jeweilige Anbieter verantwortlich. Bei bekannt werden von Rechtsverletzungen werden diese Links umgehend entfernt.<br \/><strong><br \/>Urheberrechtshinweis<\/strong><br \/>Die durch uns erstellten Inhalte und Werke auf dieser Website unterliegen dem deutschen Urheberrecht. Die Vervielf\u00e4ltigung, Bearbeitung, Verbreitung und jede Art der Verwertung au\u00dferhalb der Grenzen des Urheberrechtes bed\u00fcrfen der schriftlichen Zustimmung des jeweiligen Autors bzw. Erstellers. Soweit die Inhalte auf dieser Seite nicht von uns selbst erstellt wurden, werden Urheberrechte Dritter beachtet. Insbesondere werden Inhalte Dritter als solche gekennzeichnet. Sollten Sie trotzdem auf eine Urheberrechtsverletzung aufmerksam werden, wird um einen entsprechenden Hinweis gebeten. Bei Bekanntwerden von Rechtsverletzungen werden wir derartige Inhalte umgehend entfernen.<\/p><p><b>Images and graphic material\u00a0<\/b><span style=\"font-weight: bold;\">sources<\/span><strong>:<\/strong><br \/>Visual Facilitators GmbH, Mathias Weitbrecht<br \/>Photos FAMAB Award: Christian Busch<br \/>Photos\u00a0Malte von Tiesenhausen 20.1.2016: Cordia Schlegelmilch<br \/>Photos\u00a0Euroforum events: partly by Dietmar Gust<br \/>Photos\u00a0TEDx events: partly by Sebastian Gabsch<br \/>Photos\u00a0EuViz 2014 Conference: Marzena Traber<br \/>Photos\u00a0Celebrate Life Festival \u201eWirtschaft und Bewusstsein\u201c: Jeanette Legler<br \/>Photo\u00a0\u201eWhat Next Integral\u201c: David Simoni<\/p>\t\t\t\t\t\t\t\t<\/div>\n\t\t\t\t<\/div>\n\t\t\t\t<div class=\"elementor-element elementor-element-fe00963 elementor-widget-divider--view-line elementor-widget elementor-widget-divider\" data-id=\"fe00963\" data-element_type=\"widget\" data-e-type=\"widget\" data-widget_type=\"divider.default\">\n\t\t\t\t<div class=\"elementor-widget-container\">\n\t\t\t\t\t\t\t<div class=\"elementor-divider\">\n\t\t\t<span class=\"elementor-divider-separator\">\n\t\t\t\t\t\t<\/span>\n\t\t<\/div>\n\t\t\t\t\t\t<\/div>\n\t\t\t\t<\/div>\n\t\t\t\t\t<\/div>\n\t\t<\/div>\n\t\t\t\t\t<\/div>\n\t\t<\/section>\n\t\t\t\t<\/div>\n\t\t","protected":false},"excerpt":{"rendered":"<p>Impressum \/ Disclaimer Hamburg\u00a0 |\u00a0 \u00a0Berlin\u00a0 |\u00a0 \u00a0Leipzig\u00a0 |\u00a0 Cologne\u00a0 |\u00a0 Frankfurt\u00a0 |\u00a0\u00a0Munich\u00a0 |\u00a0 Netherlands \/ Belgium \/ Dubai UAE\u2013 global availability \u2013 Visual Facilitators GmbHColonnaden 920354 Hamburg, Germany CEO:\u00a0Mathias Weitbrecht E-Mail: info@visualfacilitators.comWebsite: www.visualfacilitators.comPhone: +49-40-63607889 Responsible for editorial content:\u00a0Mathias Weitbrecht Tax ID:\u00a0DE312260546 Entry in the commercial register:\u00a0Amtsgericht Hamburg, HRB 146890 Verbraucher-StreitschlichtungDie EU-Kommission hat eine Internetplattform [&hellip;]<\/p>\n","protected":false},"author":2,"featured_media":0,"parent":0,"menu_order":0,"comment_status":"closed","ping_status":"closed","template":"elementor_header_footer","meta":{"site-sidebar-layout":"default","site-content-layout":"default","ast-site-content-layout":"default","site-content-style":"default","site-sidebar-style":"default","ast-global-header-display":"","ast-banner-title-visibility":"","ast-main-header-display":"","ast-hfb-above-header-display":"","ast-hfb-below-header-display":"","ast-hfb-mobile-header-display":"","site-post-title":"","ast-breadcrumbs-content":"","ast-featured-img":"","footer-sml-layout":"","ast-disable-related-posts":"","theme-transparent-header-meta":"default","adv-header-id-meta":"","stick-header-meta":"","header-above-stick-meta":"","header-main-stick-meta":"","header-below-stick-meta":"","astra-migrate-meta-layouts":"default","ast-page-background-enabled":"default","ast-page-background-meta":{"desktop":{"background-color":"","background-image":"","background-repeat":"repeat","background-position":"center center","background-size":"auto","background-attachment":"scroll","background-type":"","background-media":"","overlay-type":"","overlay-color":"","overlay-opacity":"","overlay-gradient":""},"tablet":{"background-color":"","background-image":"","background-repeat":"repeat","background-position":"center center","background-size":"auto","background-attachment":"scroll","background-type":"","background-media":"","overlay-type":"","overlay-color":"","overlay-opacity":"","overlay-gradient":""},"mobile":{"background-color":"","background-image":"","background-repeat":"repeat","background-position":"center center","background-size":"auto","background-attachment":"scroll","background-type":"","background-media":"","overlay-type":"","overlay-color":"","overlay-opacity":"","overlay-gradient":""}},"ast-content-background-meta":{"desktop":{"background-color":"var(--ast-global-color-5)","background-image":"","background-repeat":"repeat","background-position":"center center","background-size":"auto","background-attachment":"scroll","background-type":"","background-media":"","overlay-type":"","overlay-color":"","overlay-opacity":"","overlay-gradient":""},"tablet":{"background-color":"var(--ast-global-color-5)","background-image":"","background-repeat":"repeat","background-position":"center center","background-size":"auto","background-attachment":"scroll","background-type":"","background-media":"","overlay-type":"","overlay-color":"","overlay-opacity":"","overlay-gradient":""},"mobile":{"background-color":"var(--ast-global-color-5)","background-image":"","background-repeat":"repeat","background-position":"center center","background-size":"auto","background-attachment":"scroll","background-type":"","background-media":"","overlay-type":"","overlay-color":"","overlay-opacity":"","overlay-gradient":""}},"footnotes":""},"team":[],"class_list":["post-21488","page","type-page","status-publish","hentry"],"_links":{"self":[{"href":"https:\/\/www.visualfacilitators.com\/en\/wp-json\/wp\/v2\/pages\/21488","targetHints":{"allow":["GET"]}}],"collection":[{"href":"https:\/\/www.visualfacilitators.com\/en\/wp-json\/wp\/v2\/pages"}],"about":[{"href":"https:\/\/www.visualfacilitators.com\/en\/wp-json\/wp\/v2\/types\/page"}],"author":[{"embeddable":true,"href":"https:\/\/www.visualfacilitators.com\/en\/wp-json\/wp\/v2\/users\/2"}],"replies":[{"embeddable":true,"href":"https:\/\/www.visualfacilitators.com\/en\/wp-json\/wp\/v2\/comments?post=21488"}],"version-history":[{"count":32,"href":"https:\/\/www.visualfacilitators.com\/en\/wp-json\/wp\/v2\/pages\/21488\/revisions"}],"predecessor-version":[{"id":27594,"href":"https:\/\/www.visualfacilitators.com\/en\/wp-json\/wp\/v2\/pages\/21488\/revisions\/27594"}],"wp:attachment":[{"href":"https:\/\/www.visualfacilitators.com\/en\/wp-json\/wp\/v2\/media?parent=21488"}],"wp:term":[{"taxonomy":"team","embeddable":true,"href":"https:\/\/www.visualfacilitators.com\/en\/wp-json\/wp\/v2\/team?post=21488"}],"curies":[{"name":"wp","href":"https:\/\/api.w.org\/{rel}","templated":true}]}}