{"id":21851,"date":"2022-05-03T09:06:17","date_gmt":"2022-05-03T07:06:17","guid":{"rendered":"https:\/\/www.visualfacilitators.com\/?page_id=21851"},"modified":"2026-01-09T11:15:17","modified_gmt":"2026-01-09T10:15:17","slug":"danke-bestaetigung-ihrer-buchung-eines-graphic-recordings-remote-bis-3-std","status":"publish","type":"page","link":"https:\/\/www.visualfacilitators.com\/en\/request-contact\/danke-bestaetigung-ihrer-buchung-eines-graphic-recordings-remote-bis-3-std\/","title":{"rendered":"Danke &#8211; Best\u00e4tigung Ihrer Anmeldung (EN) danke-bestaetigung-ihrer-buchung-eines-graphic-recordings-remote-bis-3-std\/"},"content":{"rendered":"\t\t<div data-elementor-type=\"wp-page\" data-elementor-id=\"21851\" class=\"elementor elementor-21851\" data-elementor-post-type=\"page\">\n\t\t\t\t\t\t<section class=\"elementor-section elementor-top-section elementor-element elementor-element-823789f elementor-section-boxed elementor-section-height-default elementor-section-height-default\" data-id=\"823789f\" data-element_type=\"section\" data-e-type=\"section\" data-settings=\"{&quot;background_background&quot;:&quot;classic&quot;}\">\n\t\t\t\t\t\t<div class=\"elementor-container elementor-column-gap-default\">\n\t\t\t\t\t<div class=\"elementor-column elementor-col-100 elementor-top-column elementor-element elementor-element-817c344\" data-id=\"817c344\" data-element_type=\"column\" data-e-type=\"column\" data-settings=\"{&quot;background_background&quot;:&quot;classic&quot;}\">\n\t\t\t<div class=\"elementor-widget-wrap elementor-element-populated\">\n\t\t\t\t\t\t<div class=\"elementor-element elementor-element-04ad640 elementor-widget elementor-widget-heading\" data-id=\"04ad640\" data-element_type=\"widget\" data-e-type=\"widget\" data-widget_type=\"heading.default\">\n\t\t\t\t<div class=\"elementor-widget-container\">\n\t\t\t\t\t<h1 class=\"elementor-heading-title elementor-size-default\">Thanks!<\/h1>\t\t\t\t<\/div>\n\t\t\t\t<\/div>\n\t\t\t\t<div class=\"elementor-element elementor-element-9d69d43 elementor-widget elementor-widget-heading\" data-id=\"9d69d43\" data-element_type=\"widget\" data-e-type=\"widget\" data-widget_type=\"heading.default\">\n\t\t\t\t<div class=\"elementor-widget-container\">\n\t\t\t\t\t<h6 class=\"elementor-heading-title elementor-size-default\">BY VISUAL FACILITATORS<\/h6>\t\t\t\t<\/div>\n\t\t\t\t<\/div>\n\t\t\t\t\t<\/div>\n\t\t<\/div>\n\t\t\t\t\t<\/div>\n\t\t<\/section>\n\t\t\t\t<section class=\"elementor-section elementor-top-section elementor-element elementor-element-a5e1237 elementor-section-boxed elementor-section-height-default elementor-section-height-default\" data-id=\"a5e1237\" data-element_type=\"section\" data-e-type=\"section\" data-settings=\"{&quot;background_background&quot;:&quot;classic&quot;}\">\n\t\t\t\t\t\t<div class=\"elementor-container elementor-column-gap-default\">\n\t\t\t\t\t<div class=\"elementor-column elementor-col-100 elementor-top-column elementor-element elementor-element-59b18af\" data-id=\"59b18af\" data-element_type=\"column\" data-e-type=\"column\">\n\t\t\t<div class=\"elementor-widget-wrap elementor-element-populated\">\n\t\t\t\t\t\t<div class=\"elementor-element elementor-element-3c5f898 elementor-widget elementor-widget-heading\" data-id=\"3c5f898\" data-element_type=\"widget\" data-e-type=\"widget\" data-widget_type=\"heading.default\">\n\t\t\t\t<div class=\"elementor-widget-container\">\n\t\t\t\t\t<h6 class=\"elementor-heading-title elementor-size-default\">Ihr Visual f\u00fcr Ihre Veranstaltung!<\/h6>\t\t\t\t<\/div>\n\t\t\t\t<\/div>\n\t\t\t\t<div class=\"elementor-element elementor-element-8192a3c elementor-widget elementor-widget-heading\" data-id=\"8192a3c\" data-element_type=\"widget\" data-e-type=\"widget\" data-widget_type=\"heading.default\">\n\t\t\t\t<div class=\"elementor-widget-container\">\n\t\t\t\t\t<h3 class=\"elementor-heading-title elementor-size-default\">Vielen Dank.\nDas hat geklappt. \nIhre Buchung eines Graphic Recordings remote bis 3 Stunden f\u00fcr Ihre digitale Veranstaltung hat uns erreicht. <\/h3>\t\t\t\t<\/div>\n\t\t\t\t<\/div>\n\t\t\t\t<div class=\"elementor-element elementor-element-3e574f0 elementor-widget-divider--view-line elementor-widget elementor-widget-divider\" data-id=\"3e574f0\" data-element_type=\"widget\" data-e-type=\"widget\" data-widget_type=\"divider.default\">\n\t\t\t\t<div class=\"elementor-widget-container\">\n\t\t\t\t\t\t\t<div class=\"elementor-divider\">\n\t\t\t<span class=\"elementor-divider-separator\">\n\t\t\t\t\t\t<\/span>\n\t\t<\/div>\n\t\t\t\t\t\t<\/div>\n\t\t\t\t<\/div>\n\t\t\t\t<div class=\"elementor-element elementor-element-a5237b2 elementor-widget elementor-widget-text-editor\" data-id=\"a5237b2\" data-element_type=\"widget\" data-e-type=\"widget\" data-widget_type=\"text-editor.default\">\n\t\t\t\t<div class=\"elementor-widget-container\">\n\t\t\t\t\t\t\t\t\t<h4><strong>WICHTIG!<\/strong><\/h4><h4>Bitte nennen Sie uns nun direkt Ihre Event-Daten. Ihr Termin wird dann sofort reserviert.<br \/>Wir verbinden Sie im Anschluss mit Ihrem Visualisierer f\u00fcr Ihren Briefingtermin.<\/h4>\t\t\t\t\t\t\t\t<\/div>\n\t\t\t\t<\/div>\n\t\t\t\t<div class=\"elementor-element elementor-element-e2d5092 elementor-widget elementor-widget-shortcode\" data-id=\"e2d5092\" data-element_type=\"widget\" data-e-type=\"widget\" data-widget_type=\"shortcode.default\">\n\t\t\t\t<div class=\"elementor-widget-container\">\n\t\t\t\t\t\t\t<div class=\"elementor-shortcode\"><script charset=\"utf-8\" type=\"text\/javascript\" src=\"\/\/js.hsforms.net\/forms\/shell.js\"><\/script> <script>   hbspt.forms.create({ \tregion: \"na1\", \tportalId: \"9333401\", \tformId: \"6ea03475-b7a3-47f0-a00e-65e4e6173721\" }); <\/script><\/div>\n\t\t\t\t\t\t<\/div>\n\t\t\t\t<\/div>\n\t\t\t\t<div class=\"elementor-element elementor-element-45d94c0 elementor-widget elementor-widget-text-editor\" data-id=\"45d94c0\" data-element_type=\"widget\" data-e-type=\"widget\" data-widget_type=\"text-editor.default\">\n\t\t\t\t<div class=\"elementor-widget-container\">\n\t\t\t\t\t\t\t\t\t<p>Wir nutzen Ihre Emailadresse zum Austausch von Informationen zur Veranstaltung, f\u00fcr die Sie sich angemeldet haben. Sind Sie Kunde oder haben uns eine Anfrage gesandt, bzw. ein Angebot erhalten, so wird Ihre Adresse auch f\u00fcr diese Kontaktaufnahme verwandt. Sie k\u00f6nnen sich jederzeit mit nur einem Mausklick wieder austragen. Jede E-Mail von uns enth\u00e4lt dazu am Ende einen Austragungslink.<strong><br \/><\/strong><\/p><p><strong>An overview of our services:<\/strong><br \/><a href=\"https:\/\/visualfacilitators-new.flywheelsites.com\/en\/visualization\/graphic-recording\/\" target=\"_blank\" rel=\"noopener\">Graphic Recording<\/a>:\u00a0Visuelle Dokumentation online oder vor Ort<br \/><a href=\"http:\/\/visualfacilitators-new.flywheelsites.com\/en\/prozessberatung\/visual-facilitation\/\" target=\"_blank\" rel=\"noopener\">Visual Facilitation<\/a>:\u00a0Begleitete Meetings, Gruppenprozesse, Moderation online oder vor Ort<br \/><a href=\"http:\/\/visualfacilitators-new.flywheelsites.com\/en\/visualisierung\/strategische-visualisierung\/\" target=\"_blank\" rel=\"noopener\">Strategic Visualization<\/a>: Kommunikation von Unternehmensstrategien<\/p><p>What&#8217;s new? Check out our\u00a0<a href=\"https:\/\/visualfacilitators-new.flywheelsites.com\/en\/blog\/\" target=\"_blank\" rel=\"noopener\">Blog<\/a><\/p><p>Find our social media channels at the bottom of this page.<\/p>\t\t\t\t\t\t\t\t<\/div>\n\t\t\t\t<\/div>\n\t\t\t\t\t<\/div>\n\t\t<\/div>\n\t\t\t\t\t<\/div>\n\t\t<\/section>\n\t\t\t\t<\/div>\n\t\t","protected":false},"excerpt":{"rendered":"<p>Thanks! BY VISUAL FACILITATORS Ihr Visual f\u00fcr Ihre Veranstaltung! Vielen Dank. Das hat geklappt. Ihre Buchung eines Graphic Recordings remote bis 3 Stunden f\u00fcr Ihre digitale Veranstaltung hat uns erreicht. WICHTIG! Bitte nennen Sie uns nun direkt Ihre Event-Daten. Ihr Termin wird dann sofort reserviert.Wir verbinden Sie im Anschluss mit Ihrem Visualisierer f\u00fcr Ihren Briefingtermin. [&hellip;]<\/p>\n","protected":false},"author":25,"featured_media":0,"parent":19035,"menu_order":0,"comment_status":"closed","ping_status":"closed","template":"elementor_header_footer","meta":{"site-sidebar-layout":"default","site-content-layout":"default","ast-site-content-layout":"default","site-content-style":"default","site-sidebar-style":"default","ast-global-header-display":"","ast-banner-title-visibility":"","ast-main-header-display":"","ast-hfb-above-header-display":"","ast-hfb-below-header-display":"","ast-hfb-mobile-header-display":"","site-post-title":"","ast-breadcrumbs-content":"","ast-featured-img":"","footer-sml-layout":"","ast-disable-related-posts":"","theme-transparent-header-meta":"default","adv-header-id-meta":"","stick-header-meta":"","header-above-stick-meta":"","header-main-stick-meta":"","header-below-stick-meta":"","astra-migrate-meta-layouts":"default","ast-page-background-enabled":"default","ast-page-background-meta":{"desktop":{"background-color":"","background-image":"","background-repeat":"repeat","background-position":"center center","background-size":"auto","background-attachment":"scroll","background-type":"","background-media":"","overlay-type":"","overlay-color":"","overlay-opacity":"","overlay-gradient":""},"tablet":{"background-color":"","background-image":"","background-repeat":"repeat","background-position":"center center","background-size":"auto","background-attachment":"scroll","background-type":"","background-media":"","overlay-type":"","overlay-color":"","overlay-opacity":"","overlay-gradient":""},"mobile":{"background-color":"","background-image":"","background-repeat":"repeat","background-position":"center center","background-size":"auto","background-attachment":"scroll","background-type":"","background-media":"","overlay-type":"","overlay-color":"","overlay-opacity":"","overlay-gradient":""}},"ast-content-background-meta":{"desktop":{"background-color":"var(--ast-global-color-5)","background-image":"","background-repeat":"repeat","background-position":"center center","background-size":"auto","background-attachment":"scroll","background-type":"","background-media":"","overlay-type":"","overlay-color":"","overlay-opacity":"","overlay-gradient":""},"tablet":{"background-color":"var(--ast-global-color-5)","background-image":"","background-repeat":"repeat","background-position":"center center","background-size":"auto","background-attachment":"scroll","background-type":"","background-media":"","overlay-type":"","overlay-color":"","overlay-opacity":"","overlay-gradient":""},"mobile":{"background-color":"var(--ast-global-color-5)","background-image":"","background-repeat":"repeat","background-position":"center center","background-size":"auto","background-attachment":"scroll","background-type":"","background-media":"","overlay-type":"","overlay-color":"","overlay-opacity":"","overlay-gradient":""}},"footnotes":""},"team":[],"class_list":["post-21851","page","type-page","status-publish","hentry"],"_links":{"self":[{"href":"https:\/\/www.visualfacilitators.com\/en\/wp-json\/wp\/v2\/pages\/21851","targetHints":{"allow":["GET"]}}],"collection":[{"href":"https:\/\/www.visualfacilitators.com\/en\/wp-json\/wp\/v2\/pages"}],"about":[{"href":"https:\/\/www.visualfacilitators.com\/en\/wp-json\/wp\/v2\/types\/page"}],"author":[{"embeddable":true,"href":"https:\/\/www.visualfacilitators.com\/en\/wp-json\/wp\/v2\/users\/25"}],"replies":[{"embeddable":true,"href":"https:\/\/www.visualfacilitators.com\/en\/wp-json\/wp\/v2\/comments?post=21851"}],"version-history":[{"count":7,"href":"https:\/\/www.visualfacilitators.com\/en\/wp-json\/wp\/v2\/pages\/21851\/revisions"}],"predecessor-version":[{"id":31354,"href":"https:\/\/www.visualfacilitators.com\/en\/wp-json\/wp\/v2\/pages\/21851\/revisions\/31354"}],"up":[{"embeddable":true,"href":"https:\/\/www.visualfacilitators.com\/en\/wp-json\/wp\/v2\/pages\/19035"}],"wp:attachment":[{"href":"https:\/\/www.visualfacilitators.com\/en\/wp-json\/wp\/v2\/media?parent=21851"}],"wp:term":[{"taxonomy":"team","embeddable":true,"href":"https:\/\/www.visualfacilitators.com\/en\/wp-json\/wp\/v2\/team?post=21851"}],"curies":[{"name":"wp","href":"https:\/\/api.w.org\/{rel}","templated":true}]}}