{"id":21863,"date":"2022-05-03T09:19:10","date_gmt":"2022-05-03T07:19:10","guid":{"rendered":"https:\/\/www.visualfacilitators.com\/?page_id=21863"},"modified":"2022-05-03T09:28:07","modified_gmt":"2022-05-03T07:28:07","slug":"danke-bestaetigung","status":"publish","type":"page","link":"https:\/\/www.visualfacilitators.com\/en\/request-contact\/danke-bestaetigung\/","title":{"rendered":"Danke &#8211; Best\u00e4tigung Ihrer Anmeldung (EN) danke-bestaetigung\/"},"content":{"rendered":"\t\t<div data-elementor-type=\"wp-page\" data-elementor-id=\"21863\" class=\"elementor elementor-21863\" data-elementor-post-type=\"page\">\n\t\t\t\t\t\t<section class=\"elementor-section elementor-top-section elementor-element elementor-element-97e1df0 elementor-section-boxed elementor-section-height-default elementor-section-height-default\" data-id=\"97e1df0\" data-element_type=\"section\" data-e-type=\"section\">\n\t\t\t\t\t\t<div class=\"elementor-container elementor-column-gap-default\">\n\t\t\t\t\t<div class=\"elementor-column elementor-col-100 elementor-top-column elementor-element elementor-element-8b978d5\" data-id=\"8b978d5\" data-element_type=\"column\" data-e-type=\"column\">\n\t\t\t<div class=\"elementor-widget-wrap elementor-element-populated\">\n\t\t\t\t\t\t<div class=\"elementor-element elementor-element-0c05b22 elementor-widget elementor-widget-text-editor\" data-id=\"0c05b22\" data-element_type=\"widget\" data-e-type=\"widget\" data-widget_type=\"text-editor.default\">\n\t\t\t\t<div class=\"elementor-widget-container\">\n\t\t\t\t\t\t\t\t\t<h1>Thanks!<\/h1><h3>Das hat geklappt.\u00a0Vielen Dank. Wir melden uns in K\u00fcrze bei Ihnen.<\/h3><p>Haben Sie Ihre Emailadresse f\u00fcr eine Projektanfrage eingetragen, so nutzen wir diese nur zu diesem Zweck. Sie k\u00f6nnen sich jederzeit mit nur einem Mausklick wieder austragen. Jede E-Mail von uns enth\u00e4lt dazu am Ende einen Austragungslink.<\/p><h3>Quick Links:<\/h3><p><strong>An overview of our services:<\/strong>\u00a0<a href=\"https:\/\/visualfacilitators-new.flywheelsites.com\/en\/visualization\/graphic-recording\/\" target=\"_blank\" rel=\"noopener\">Graphic Recording<\/a>:\u00a0Visuelle Live-Dokumentation\u00a0<a href=\"http:\/\/visualfacilitators-new.flywheelsites.com\/en\/prozessberatung\/visual-facilitation\/\" target=\"_blank\" rel=\"noopener\">Visual Facilitation<\/a>:\u00a0Visuell unterst\u00fctzte Meetings, Gruppenprozesse und Moderation\u00a0<a href=\"http:\/\/visualfacilitators-new.flywheelsites.com\/en\/visualisierung\/strategische-visualisierung\/\" target=\"_blank\" rel=\"noopener\">Strategic Visualization<\/a>: Kommunikation von\u00a0Unternehmensstrategien\u00a0<a href=\"https:\/\/visualfacilitators-new.flywheelsites.com\/en\/visualisierung\/training\/\" target=\"_blank\" rel=\"noopener\">Visualisierungs-Workshops<\/a>:\u00a0Visualisieren einfach online erlernen\u00a0<a href=\"http:\/\/visualfacilitators-new.flywheelsites.com\/en\/visualisierung\/erklaerfilm\/\" target=\"_blank\" rel=\"noopener\">EXPLAINAS<\/a>: Handgezeichnete Erkl\u00e4rfilme \u2013 www.explainas.com Schauen Sie einmal was es Neues gibt:\u00a0<a href=\"https:\/\/visualfacilitators-new.flywheelsites.com\/en\/blog\/\" target=\"_blank\" rel=\"noopener\">Blog<\/a>\u00a0Find our social media channels at the bottom of this page.<\/p>\t\t\t\t\t\t\t\t<\/div>\n\t\t\t\t<\/div>\n\t\t\t\t\t<\/div>\n\t\t<\/div>\n\t\t\t\t\t<\/div>\n\t\t<\/section>\n\t\t\t\t<section class=\"elementor-section elementor-top-section elementor-element elementor-element-e6ae995 elementor-section-boxed elementor-section-height-default elementor-section-height-default\" data-id=\"e6ae995\" data-element_type=\"section\" data-e-type=\"section\" data-settings=\"{&quot;background_background&quot;:&quot;classic&quot;}\">\n\t\t\t\t\t\t<div class=\"elementor-container elementor-column-gap-default\">\n\t\t\t\t\t<div class=\"elementor-column elementor-col-100 elementor-top-column elementor-element elementor-element-7cf177b\" data-id=\"7cf177b\" data-element_type=\"column\" data-e-type=\"column\" data-settings=\"{&quot;background_background&quot;:&quot;classic&quot;}\">\n\t\t\t<div class=\"elementor-widget-wrap elementor-element-populated\">\n\t\t\t\t\t\t<div class=\"elementor-element elementor-element-5c7c498 elementor-widget elementor-widget-heading\" data-id=\"5c7c498\" data-element_type=\"widget\" data-e-type=\"widget\" data-widget_type=\"heading.default\">\n\t\t\t\t<div class=\"elementor-widget-container\">\n\t\t\t\t\t<h1 class=\"elementor-heading-title elementor-size-default\">Sub - Image Section<\/h1>\t\t\t\t<\/div>\n\t\t\t\t<\/div>\n\t\t\t\t<div class=\"elementor-element elementor-element-8c40335 elementor-widget elementor-widget-heading\" data-id=\"8c40335\" data-element_type=\"widget\" data-e-type=\"widget\" data-widget_type=\"heading.default\">\n\t\t\t\t<div class=\"elementor-widget-container\">\n\t\t\t\t\t<h6 class=\"elementor-heading-title elementor-size-default\">Sub Title<\/h6>\t\t\t\t<\/div>\n\t\t\t\t<\/div>\n\t\t\t\t\t<\/div>\n\t\t<\/div>\n\t\t\t\t\t<\/div>\n\t\t<\/section>\n\t\t\t\t<section class=\"elementor-section elementor-top-section elementor-element elementor-element-264eb3a elementor-section-boxed elementor-section-height-default elementor-section-height-default\" data-id=\"264eb3a\" data-element_type=\"section\" data-e-type=\"section\" data-settings=\"{&quot;background_background&quot;:&quot;classic&quot;}\">\n\t\t\t\t\t\t<div class=\"elementor-container elementor-column-gap-default\">\n\t\t\t\t\t<div class=\"elementor-column elementor-col-100 elementor-top-column elementor-element elementor-element-0296b32\" data-id=\"0296b32\" data-element_type=\"column\" data-e-type=\"column\">\n\t\t\t<div class=\"elementor-widget-wrap elementor-element-populated\">\n\t\t\t\t\t\t<div class=\"elementor-element elementor-element-98e2337 elementor-widget elementor-widget-heading\" data-id=\"98e2337\" data-element_type=\"widget\" data-e-type=\"widget\" data-widget_type=\"heading.default\">\n\t\t\t\t<div class=\"elementor-widget-container\">\n\t\t\t\t\t<h6 class=\"elementor-heading-title elementor-size-default\">Enter Heading<\/h6>\t\t\t\t<\/div>\n\t\t\t\t<\/div>\n\t\t\t\t<div class=\"elementor-element elementor-element-aaa13a6 elementor-widget elementor-widget-heading\" data-id=\"aaa13a6\" data-element_type=\"widget\" data-e-type=\"widget\" data-widget_type=\"heading.default\">\n\t\t\t\t<div class=\"elementor-widget-container\">\n\t\t\t\t\t<h2 class=\"elementor-heading-title elementor-size-default\">Enter Sub-Heading Here<\/h2>\t\t\t\t<\/div>\n\t\t\t\t<\/div>\n\t\t\t\t<div class=\"elementor-element elementor-element-9b71255 elementor-widget elementor-widget-text-editor\" data-id=\"9b71255\" data-element_type=\"widget\" data-e-type=\"widget\" data-widget_type=\"text-editor.default\">\n\t\t\t\t<div class=\"elementor-widget-container\">\n\t\t\t\t\t\t\t\t\t<p>Enter Text Here<\/p>\t\t\t\t\t\t\t\t<\/div>\n\t\t\t\t<\/div>\n\t\t\t\t\t<\/div>\n\t\t<\/div>\n\t\t\t\t\t<\/div>\n\t\t<\/section>\n\t\t\t\t<\/div>\n\t\t","protected":false},"excerpt":{"rendered":"<p>Thanks! Das hat geklappt.\u00a0Vielen Dank. Wir melden uns in K\u00fcrze bei Ihnen. Haben Sie Ihre Emailadresse f\u00fcr eine Projektanfrage eingetragen, so nutzen wir diese nur zu diesem Zweck. Sie k\u00f6nnen sich jederzeit mit nur einem Mausklick wieder austragen. Jede E-Mail von uns enth\u00e4lt dazu am Ende einen Austragungslink. Quick Links: An overview of our services:\u00a0Graphic [&hellip;]<\/p>\n","protected":false},"author":25,"featured_media":0,"parent":19035,"menu_order":0,"comment_status":"closed","ping_status":"closed","template":"elementor_header_footer","meta":{"site-sidebar-layout":"default","site-content-layout":"default","ast-site-content-layout":"default","site-content-style":"default","site-sidebar-style":"default","ast-global-header-display":"","ast-banner-title-visibility":"","ast-main-header-display":"","ast-hfb-above-header-display":"","ast-hfb-below-header-display":"","ast-hfb-mobile-header-display":"","site-post-title":"","ast-breadcrumbs-content":"","ast-featured-img":"","footer-sml-layout":"","ast-disable-related-posts":"","theme-transparent-header-meta":"default","adv-header-id-meta":"","stick-header-meta":"","header-above-stick-meta":"","header-main-stick-meta":"","header-below-stick-meta":"","astra-migrate-meta-layouts":"default","ast-page-background-enabled":"default","ast-page-background-meta":{"desktop":{"background-color":"","background-image":"","background-repeat":"repeat","background-position":"center center","background-size":"auto","background-attachment":"scroll","background-type":"","background-media":"","overlay-type":"","overlay-color":"","overlay-opacity":"","overlay-gradient":""},"tablet":{"background-color":"","background-image":"","background-repeat":"repeat","background-position":"center center","background-size":"auto","background-attachment":"scroll","background-type":"","background-media":"","overlay-type":"","overlay-color":"","overlay-opacity":"","overlay-gradient":""},"mobile":{"background-color":"","background-image":"","background-repeat":"repeat","background-position":"center center","background-size":"auto","background-attachment":"scroll","background-type":"","background-media":"","overlay-type":"","overlay-color":"","overlay-opacity":"","overlay-gradient":""}},"ast-content-background-meta":{"desktop":{"background-color":"var(--ast-global-color-5)","background-image":"","background-repeat":"repeat","background-position":"center center","background-size":"auto","background-attachment":"scroll","background-type":"","background-media":"","overlay-type":"","overlay-color":"","overlay-opacity":"","overlay-gradient":""},"tablet":{"background-color":"var(--ast-global-color-5)","background-image":"","background-repeat":"repeat","background-position":"center center","background-size":"auto","background-attachment":"scroll","background-type":"","background-media":"","overlay-type":"","overlay-color":"","overlay-opacity":"","overlay-gradient":""},"mobile":{"background-color":"var(--ast-global-color-5)","background-image":"","background-repeat":"repeat","background-position":"center center","background-size":"auto","background-attachment":"scroll","background-type":"","background-media":"","overlay-type":"","overlay-color":"","overlay-opacity":"","overlay-gradient":""}},"footnotes":""},"team":[],"class_list":["post-21863","page","type-page","status-publish","hentry"],"_links":{"self":[{"href":"https:\/\/www.visualfacilitators.com\/en\/wp-json\/wp\/v2\/pages\/21863","targetHints":{"allow":["GET"]}}],"collection":[{"href":"https:\/\/www.visualfacilitators.com\/en\/wp-json\/wp\/v2\/pages"}],"about":[{"href":"https:\/\/www.visualfacilitators.com\/en\/wp-json\/wp\/v2\/types\/page"}],"author":[{"embeddable":true,"href":"https:\/\/www.visualfacilitators.com\/en\/wp-json\/wp\/v2\/users\/25"}],"replies":[{"embeddable":true,"href":"https:\/\/www.visualfacilitators.com\/en\/wp-json\/wp\/v2\/comments?post=21863"}],"version-history":[{"count":4,"href":"https:\/\/www.visualfacilitators.com\/en\/wp-json\/wp\/v2\/pages\/21863\/revisions"}],"predecessor-version":[{"id":21879,"href":"https:\/\/www.visualfacilitators.com\/en\/wp-json\/wp\/v2\/pages\/21863\/revisions\/21879"}],"up":[{"embeddable":true,"href":"https:\/\/www.visualfacilitators.com\/en\/wp-json\/wp\/v2\/pages\/19035"}],"wp:attachment":[{"href":"https:\/\/www.visualfacilitators.com\/en\/wp-json\/wp\/v2\/media?parent=21863"}],"wp:term":[{"taxonomy":"team","embeddable":true,"href":"https:\/\/www.visualfacilitators.com\/en\/wp-json\/wp\/v2\/team?post=21863"}],"curies":[{"name":"wp","href":"https:\/\/api.w.org\/{rel}","templated":true}]}}